{"id":78,"date":"2024-08-18T20:01:34","date_gmt":"2024-08-18T18:01:34","guid":{"rendered":"https:\/\/kovagopal.hu\/?page_id=78"},"modified":"2024-08-18T20:01:34","modified_gmt":"2024-08-18T18:01:34","slug":"pszichoszomatikus-zavarok","status":"publish","type":"page","link":"https:\/\/kovagopal.hu\/en\/pszichoszomatikus-zavarok\/","title":{"rendered":"Psychosomatic symptoms"},"content":{"rendered":"<p>Pszichoszomatikus zavarok alatt olyan lelki t\u00fcneteket \u00e9rt\u00fcnk, amelyek testi form\u00e1ban jelennek meg. Sokan szenvednek kr\u00f3nikus fejf\u00e1j\u00e1st\u00f3l, amely stressz hat\u00e1s\u00e1ra rosszabbodik. M\u00e1sok p\u00e1nikrohamokr\u00f3l sz\u00e1molnak be, arr\u00f3l, hogy bizonyos helyzetekben \u00fagy \u00e9rzik, megfulladnak, kiugrik a sz\u00edv\u00fck a helyer\u0151l, \u00e9s ez sokszor j\u00e1rhat hal\u00e1lf\u00e9lelemmel is. Vannak, akik kor\u00e1bbi baleset\u00fck vagy betegs\u00e9g\u00fck miatt rendszeresen szenvednek f\u00e1jdalmakban vagy m\u00e1s t\u00fcnetekben \u00e9s bizonyos helyzetekben ezek a t\u00fcnetek feler\u0151s\u00f6dnek.<\/p>\n\n\n\n<p>A leggyakoribb t\u00fcnetek a pszichoszomatikus zavarok eset\u00e9n: f\u00e1radts\u00e1g, fejf\u00e1j\u00e1s, h\u00e1tf\u00e1j\u00e1s, hasmen\u00e9s, szorul\u00e1s, impotencia, k\u00f6h\u00f6g\u00e9s, s\u00falycs\u00f6kken\u00e9s, vagy s\u00falyn\u00f6veked\u00e9s, egy\u00e9b testi f\u00e1jdalom, \u00e1lmatlans\u00e1g. Amennyiben ezek a t\u00fcnetek r\u00e9g\u00f3ta fenn\u00e1llnak, \u00e9s fizikai, orvosi magyar\u00e1zat nincsen r\u00e1juk, nagy val\u00f3sz\u00edn\u0171s\u00e9ggel besz\u00e9lhet\u00fcnk pszichoszomatikus probl\u00e9m\u00e1r\u00f3l.<\/p>\n\n\n\n<p>A pszichoszomatikus zavarok hat\u00e9konyan kezelhet\u0151ek, k\u00fcl\u00f6n\u00f6sen akkor, ha a testi t\u00fcneteket \u00e9s azok lelki k\u00f6vetkezm\u00e9nyeit egyszerre kezelj\u00fck.<\/p>","protected":false},"excerpt":{"rendered":"<p>Pszichoszomatikus zavarok alatt olyan lelki t\u00fcneteket \u00e9rt\u00fcnk, amelyek testi form\u00e1ban jelennek meg. Sokan szenvednek kr\u00f3nikus fejf\u00e1j\u00e1st\u00f3l, amely stressz hat\u00e1s\u00e1ra rosszabbodik. M\u00e1sok p\u00e1nikrohamokr\u00f3l sz\u00e1molnak be, arr\u00f3l, hogy bizonyos helyzetekben \u00fagy \u00e9rzik, megfulladnak, kiugrik a sz\u00edv\u00fck a helyer\u0151l, \u00e9s ez sokszor j\u00e1rhat hal\u00e1lf\u00e9lelemmel is. Vannak, akik kor\u00e1bbi baleset\u00fck vagy betegs\u00e9g\u00fck miatt rendszeresen szenvednek f\u00e1jdalmakban vagy m\u00e1s t\u00fcnetekben \u00e9s bizonyos helyzetekben ezek a t\u00fcnetek feler\u0151s\u00f6dnek. A leggyakoribb t\u00fcnetek a pszichoszomatikus zavarok eset\u00e9n: f\u00e1radts\u00e1g, fejf\u00e1j\u00e1s, h\u00e1tf\u00e1j\u00e1s, hasmen\u00e9s, szorul\u00e1s, impotencia, k\u00f6h\u00f6g\u00e9s, s\u00falycs\u00f6kken\u00e9s, vagy s\u00falyn\u00f6veked\u00e9s, egy\u00e9b testi f\u00e1jdalom, \u00e1lmatlans\u00e1g. Amennyiben ezek a t\u00fcnetek r\u00e9g\u00f3ta fenn\u00e1llnak, \u00e9s fizikai, orvosi magyar\u00e1zat nincsen r\u00e1juk, nagy val\u00f3sz\u00edn\u0171s\u00e9ggel besz\u00e9lhet\u00fcnk pszichoszomatikus probl\u00e9m\u00e1r\u00f3l. A pszichoszomatikus zavarok hat\u00e9konyan kezelhet\u0151ek, k\u00fcl\u00f6n\u00f6sen akkor, ha a testi t\u00fcneteket \u00e9s azok lelki k\u00f6vetkezm\u00e9nyeit egyszerre kezelj\u00fck.<\/p>","protected":false},"author":1,"featured_media":0,"parent":0,"menu_order":0,"comment_status":"closed","ping_status":"closed","template":"","meta":{"footnotes":""},"class_list":["post-78","page","type-page","status-publish","hentry"],"yoast_head":"<!-- This site is optimized with the Yoast SEO plugin v27.5 - https:\/\/yoast.com\/product\/yoast-seo-wordpress\/ -->\n<title>Pszichoszomatikus zavarok - Dr. K\u0151v\u00e1g\u00f3 P\u00e1l pszichol\u00f3gus<\/title>\n<meta name=\"robots\" content=\"index, follow, max-snippet:-1, max-image-preview:large, max-video-preview:-1\" \/>\n<link rel=\"canonical\" href=\"https:\/\/kovagopal.hu\/en\/pszichoszomatikus-zavarok\/\" \/>\n<meta property=\"og:locale\" content=\"en_GB\" \/>\n<meta property=\"og:type\" content=\"article\" \/>\n<meta property=\"og:title\" content=\"Pszichoszomatikus zavarok - Dr. K\u0151v\u00e1g\u00f3 P\u00e1l pszichol\u00f3gus\" \/>\n<meta property=\"og:description\" content=\"Pszichoszomatikus zavarok alatt olyan lelki t\u00fcneteket \u00e9rt\u00fcnk, amelyek testi form\u00e1ban jelennek meg. Sokan szenvednek kr\u00f3nikus fejf\u00e1j\u00e1st\u00f3l, amely stressz hat\u00e1s\u00e1ra rosszabbodik. M\u00e1sok p\u00e1nikrohamokr\u00f3l sz\u00e1molnak be, arr\u00f3l, hogy bizonyos helyzetekben \u00fagy \u00e9rzik, megfulladnak, kiugrik a sz\u00edv\u00fck a helyer\u0151l, \u00e9s ez sokszor j\u00e1rhat hal\u00e1lf\u00e9lelemmel is. Vannak, akik kor\u00e1bbi baleset\u00fck vagy betegs\u00e9g\u00fck miatt rendszeresen szenvednek f\u00e1jdalmakban vagy m\u00e1s t\u00fcnetekben \u00e9s bizonyos helyzetekben ezek a t\u00fcnetek feler\u0151s\u00f6dnek. A leggyakoribb t\u00fcnetek a pszichoszomatikus zavarok eset\u00e9n: f\u00e1radts\u00e1g, fejf\u00e1j\u00e1s, h\u00e1tf\u00e1j\u00e1s, hasmen\u00e9s, szorul\u00e1s, impotencia, k\u00f6h\u00f6g\u00e9s, s\u00falycs\u00f6kken\u00e9s, vagy s\u00falyn\u00f6veked\u00e9s, egy\u00e9b testi f\u00e1jdalom, \u00e1lmatlans\u00e1g. Amennyiben ezek a t\u00fcnetek r\u00e9g\u00f3ta fenn\u00e1llnak, \u00e9s fizikai, orvosi magyar\u00e1zat nincsen r\u00e1juk, nagy val\u00f3sz\u00edn\u0171s\u00e9ggel besz\u00e9lhet\u00fcnk pszichoszomatikus probl\u00e9m\u00e1r\u00f3l. A pszichoszomatikus zavarok hat\u00e9konyan kezelhet\u0151ek, k\u00fcl\u00f6n\u00f6sen akkor, ha a testi t\u00fcneteket \u00e9s azok lelki k\u00f6vetkezm\u00e9nyeit egyszerre kezelj\u00fck.\" \/>\n<meta property=\"og:url\" content=\"https:\/\/kovagopal.hu\/en\/pszichoszomatikus-zavarok\/\" \/>\n<meta property=\"og:site_name\" content=\"Dr. K\u0151v\u00e1g\u00f3 P\u00e1l pszichol\u00f3gus\" \/>\n<meta property=\"article:publisher\" content=\"https:\/\/www.facebook.com\/pszinesztezia\" \/>\n<meta name=\"twitter:card\" content=\"summary_large_image\" \/>\n<meta name=\"twitter:label1\" content=\"Estimated reading time\" \/>\n\t<meta name=\"twitter:data1\" content=\"1 minute\" \/>\n<script type=\"application\/ld+json\" class=\"yoast-schema-graph\">{\"@context\":\"https:\\\/\\\/schema.org\",\"@graph\":[{\"@type\":\"WebPage\",\"@id\":\"https:\\\/\\\/kovagopal.hu\\\/pszichoszomatikus-zavarok\\\/\",\"url\":\"https:\\\/\\\/kovagopal.hu\\\/pszichoszomatikus-zavarok\\\/\",\"name\":\"Pszichoszomatikus zavarok - Dr. K\u0151v\u00e1g\u00f3 P\u00e1l pszichol\u00f3gus\",\"isPartOf\":{\"@id\":\"https:\\\/\\\/kovagopal.hu\\\/#website\"},\"datePublished\":\"2024-08-18T18:01:34+00:00\",\"breadcrumb\":{\"@id\":\"https:\\\/\\\/kovagopal.hu\\\/pszichoszomatikus-zavarok\\\/#breadcrumb\"},\"inLanguage\":\"en-GB\",\"potentialAction\":[{\"@type\":\"ReadAction\",\"target\":[\"https:\\\/\\\/kovagopal.hu\\\/pszichoszomatikus-zavarok\\\/\"]}]},{\"@type\":\"BreadcrumbList\",\"@id\":\"https:\\\/\\\/kovagopal.hu\\\/pszichoszomatikus-zavarok\\\/#breadcrumb\",\"itemListElement\":[{\"@type\":\"ListItem\",\"position\":1,\"name\":\"Kezd\u0151lap\",\"item\":\"https:\\\/\\\/kovagopal.hu\\\/\"},{\"@type\":\"ListItem\",\"position\":2,\"name\":\"Pszichoszomatikus zavarok\"}]},{\"@type\":\"WebSite\",\"@id\":\"https:\\\/\\\/kovagopal.hu\\\/#website\",\"url\":\"https:\\\/\\\/kovagopal.hu\\\/\",\"name\":\"Dr. K\u0151v\u00e1g\u00f3 P\u00e1l pszichol\u00f3gus\",\"description\":\"Pszichol\u00f3giai tan\u00e1csad\u00e1s szem\u00e9lyesen \u00e9s online\",\"publisher\":{\"@id\":\"https:\\\/\\\/kovagopal.hu\\\/#\\\/schema\\\/person\\\/c053095210b3b4a255c2f43b5a88ceb1\"},\"potentialAction\":[{\"@type\":\"SearchAction\",\"target\":{\"@type\":\"EntryPoint\",\"urlTemplate\":\"https:\\\/\\\/kovagopal.hu\\\/?s={search_term_string}\"},\"query-input\":{\"@type\":\"PropertyValueSpecification\",\"valueRequired\":true,\"valueName\":\"search_term_string\"}}],\"inLanguage\":\"en-GB\"},{\"@type\":[\"Person\",\"Organization\"],\"@id\":\"https:\\\/\\\/kovagopal.hu\\\/#\\\/schema\\\/person\\\/c053095210b3b4a255c2f43b5a88ceb1\",\"name\":\"Dr. K\u0151v\u00e1g\u00f3 P\u00e1l\",\"image\":{\"@type\":\"ImageObject\",\"inLanguage\":\"en-GB\",\"@id\":\"https:\\\/\\\/kovagopal.hu\\\/wp-content\\\/uploads\\\/2024\\\/08\\\/kanape.png\",\"url\":\"https:\\\/\\\/kovagopal.hu\\\/wp-content\\\/uploads\\\/2024\\\/08\\\/kanape.png\",\"contentUrl\":\"https:\\\/\\\/kovagopal.hu\\\/wp-content\\\/uploads\\\/2024\\\/08\\\/kanape.png\",\"width\":632,\"height\":395,\"caption\":\"Dr. K\u0151v\u00e1g\u00f3 P\u00e1l\"},\"logo\":{\"@id\":\"https:\\\/\\\/kovagopal.hu\\\/wp-content\\\/uploads\\\/2024\\\/08\\\/kanape.png\"},\"sameAs\":[\"https:\\\/\\\/kovagopal.hu\",\"https:\\\/\\\/www.facebook.com\\\/pszinesztezia\"]}]}<\/script>\n<!-- \/ Yoast SEO plugin. -->","yoast_head_json":{"title":"Pszichoszomatikus zavarok - Dr. K\u0151v\u00e1g\u00f3 P\u00e1l pszichol\u00f3gus","robots":{"index":"index","follow":"follow","max-snippet":"max-snippet:-1","max-image-preview":"max-image-preview:large","max-video-preview":"max-video-preview:-1"},"canonical":"https:\/\/kovagopal.hu\/en\/pszichoszomatikus-zavarok\/","og_locale":"en_GB","og_type":"article","og_title":"Pszichoszomatikus zavarok - Dr. K\u0151v\u00e1g\u00f3 P\u00e1l pszichol\u00f3gus","og_description":"Pszichoszomatikus zavarok alatt olyan lelki t\u00fcneteket \u00e9rt\u00fcnk, amelyek testi form\u00e1ban jelennek meg. Sokan szenvednek kr\u00f3nikus fejf\u00e1j\u00e1st\u00f3l, amely stressz hat\u00e1s\u00e1ra rosszabbodik. M\u00e1sok p\u00e1nikrohamokr\u00f3l sz\u00e1molnak be, arr\u00f3l, hogy bizonyos helyzetekben \u00fagy \u00e9rzik, megfulladnak, kiugrik a sz\u00edv\u00fck a helyer\u0151l, \u00e9s ez sokszor j\u00e1rhat hal\u00e1lf\u00e9lelemmel is. Vannak, akik kor\u00e1bbi baleset\u00fck vagy betegs\u00e9g\u00fck miatt rendszeresen szenvednek f\u00e1jdalmakban vagy m\u00e1s t\u00fcnetekben \u00e9s bizonyos helyzetekben ezek a t\u00fcnetek feler\u0151s\u00f6dnek. A leggyakoribb t\u00fcnetek a pszichoszomatikus zavarok eset\u00e9n: f\u00e1radts\u00e1g, fejf\u00e1j\u00e1s, h\u00e1tf\u00e1j\u00e1s, hasmen\u00e9s, szorul\u00e1s, impotencia, k\u00f6h\u00f6g\u00e9s, s\u00falycs\u00f6kken\u00e9s, vagy s\u00falyn\u00f6veked\u00e9s, egy\u00e9b testi f\u00e1jdalom, \u00e1lmatlans\u00e1g. Amennyiben ezek a t\u00fcnetek r\u00e9g\u00f3ta fenn\u00e1llnak, \u00e9s fizikai, orvosi magyar\u00e1zat nincsen r\u00e1juk, nagy val\u00f3sz\u00edn\u0171s\u00e9ggel besz\u00e9lhet\u00fcnk pszichoszomatikus probl\u00e9m\u00e1r\u00f3l. A pszichoszomatikus zavarok hat\u00e9konyan kezelhet\u0151ek, k\u00fcl\u00f6n\u00f6sen akkor, ha a testi t\u00fcneteket \u00e9s azok lelki k\u00f6vetkezm\u00e9nyeit egyszerre kezelj\u00fck.","og_url":"https:\/\/kovagopal.hu\/en\/pszichoszomatikus-zavarok\/","og_site_name":"Dr. K\u0151v\u00e1g\u00f3 P\u00e1l pszichol\u00f3gus","article_publisher":"https:\/\/www.facebook.com\/pszinesztezia","twitter_card":"summary_large_image","twitter_misc":{"Estimated reading time":"1 minute"},"schema":{"@context":"https:\/\/schema.org","@graph":[{"@type":"WebPage","@id":"https:\/\/kovagopal.hu\/pszichoszomatikus-zavarok\/","url":"https:\/\/kovagopal.hu\/pszichoszomatikus-zavarok\/","name":"Pszichoszomatikus zavarok - Dr. K\u0151v\u00e1g\u00f3 P\u00e1l pszichol\u00f3gus","isPartOf":{"@id":"https:\/\/kovagopal.hu\/#website"},"datePublished":"2024-08-18T18:01:34+00:00","breadcrumb":{"@id":"https:\/\/kovagopal.hu\/pszichoszomatikus-zavarok\/#breadcrumb"},"inLanguage":"en-GB","potentialAction":[{"@type":"ReadAction","target":["https:\/\/kovagopal.hu\/pszichoszomatikus-zavarok\/"]}]},{"@type":"BreadcrumbList","@id":"https:\/\/kovagopal.hu\/pszichoszomatikus-zavarok\/#breadcrumb","itemListElement":[{"@type":"ListItem","position":1,"name":"Kezd\u0151lap","item":"https:\/\/kovagopal.hu\/"},{"@type":"ListItem","position":2,"name":"Pszichoszomatikus zavarok"}]},{"@type":"WebSite","@id":"https:\/\/kovagopal.hu\/#website","url":"https:\/\/kovagopal.hu\/","name":"Dr. P\u00e1l K\u0151v\u00e1g\u00f3, PhD psychologist","description":"Pszichol\u00f3giai tan\u00e1csad\u00e1s szem\u00e9lyesen \u00e9s online","publisher":{"@id":"https:\/\/kovagopal.hu\/#\/schema\/person\/c053095210b3b4a255c2f43b5a88ceb1"},"potentialAction":[{"@type":"SearchAction","target":{"@type":"EntryPoint","urlTemplate":"https:\/\/kovagopal.hu\/?s={search_term_string}"},"query-input":{"@type":"PropertyValueSpecification","valueRequired":true,"valueName":"search_term_string"}}],"inLanguage":"en-GB"},{"@type":["Person","Organization"],"@id":"https:\/\/kovagopal.hu\/#\/schema\/person\/c053095210b3b4a255c2f43b5a88ceb1","name":"P\u00e1l K\u0151v\u00e1g\u00f3, PhD","image":{"@type":"ImageObject","inLanguage":"en-GB","@id":"https:\/\/kovagopal.hu\/wp-content\/uploads\/2024\/08\/kanape.png","url":"https:\/\/kovagopal.hu\/wp-content\/uploads\/2024\/08\/kanape.png","contentUrl":"https:\/\/kovagopal.hu\/wp-content\/uploads\/2024\/08\/kanape.png","width":632,"height":395,"caption":"Dr. K\u0151v\u00e1g\u00f3 P\u00e1l"},"logo":{"@id":"https:\/\/kovagopal.hu\/wp-content\/uploads\/2024\/08\/kanape.png"},"sameAs":["https:\/\/kovagopal.hu","https:\/\/www.facebook.com\/pszinesztezia"]}]}},"_links":{"self":[{"href":"https:\/\/kovagopal.hu\/en\/wp-json\/wp\/v2\/pages\/78","targetHints":{"allow":["GET"]}}],"collection":[{"href":"https:\/\/kovagopal.hu\/en\/wp-json\/wp\/v2\/pages"}],"about":[{"href":"https:\/\/kovagopal.hu\/en\/wp-json\/wp\/v2\/types\/page"}],"author":[{"embeddable":true,"href":"https:\/\/kovagopal.hu\/en\/wp-json\/wp\/v2\/users\/1"}],"replies":[{"embeddable":true,"href":"https:\/\/kovagopal.hu\/en\/wp-json\/wp\/v2\/comments?post=78"}],"version-history":[{"count":1,"href":"https:\/\/kovagopal.hu\/en\/wp-json\/wp\/v2\/pages\/78\/revisions"}],"predecessor-version":[{"id":79,"href":"https:\/\/kovagopal.hu\/en\/wp-json\/wp\/v2\/pages\/78\/revisions\/79"}],"wp:attachment":[{"href":"https:\/\/kovagopal.hu\/en\/wp-json\/wp\/v2\/media?parent=78"}],"curies":[{"name":"wp","href":"https:\/\/api.w.org\/{rel}","templated":true}]}}