{"id":80,"date":"2024-08-18T20:02:01","date_gmt":"2024-08-18T18:02:01","guid":{"rendered":"https:\/\/kovagopal.hu\/?page_id=80"},"modified":"2024-08-18T20:02:01","modified_gmt":"2024-08-18T18:02:01","slug":"serdulokor-konfliktusai","status":"publish","type":"page","link":"https:\/\/kovagopal.hu\/en\/serdulokor-konfliktusai\/","title":{"rendered":"Serd\u00fcl\u0151kor konfliktusai"},"content":{"rendered":"<p>A serd\u00fcl\u0151kor az egyik legizgalmasabb szakasza \u00e9let\u00fcnknek. Manaps\u00e1g a \u201eklasszikus\u201d serd\u00fcl\u0151kor sok szempontb\u00f3l folytat\u00f3dik 18 \u00e9ves korunk ut\u00e1n is. Ez a t\u00e1rsadalmi v\u00e1ltoz\u00e1s tov\u00e1bb bonyol\u00edtja ezt a mozgalmas szakaszt, hiszen ekkor kell felfedezn\u00fcnk, kik vagyunk, mit v\u00e1runk az \u00e9lett\u0151l, mit v\u00e1runk m\u00e1sokt\u00f3l, hol a hely\u00fcnk a t\u00e1rsadalomban, \u00e1ltal\u00e1ban ekkor tal\u00e1ljuk meg els\u0151 igaz\u00e1n nagy szerelm\u00fcnket stb. Fontos megjegyezni, serd\u00fcl\u0151korban m\u00e9g az extr\u00e9mnek t\u0171n\u0151 probl\u00e9m\u00e1k sem felt\u00e9tlen\u00fcl k\u00f3rosak, de megold\u00e1sukat gyakran megk\u00f6nny\u00edti, ha pszichol\u00f3gus seg\u00edts\u00e9g\u00e9t is keress\u00fck.<br>\u00c9rdemes seg\u00edts\u00e9get k\u00e9rni, ha a szem\u00e9ly azt \u00e9rzi, hogy nincs motiv\u00e1ci\u00f3ja, elveszett, nem tudja mit akar, kev\u00e9s bar\u00e1t veszi k\u00f6r\u00fcl.<\/p>","protected":false},"excerpt":{"rendered":"<p>A serd\u00fcl\u0151kor az egyik legizgalmasabb szakasza \u00e9let\u00fcnknek. Manaps\u00e1g a \u201eklasszikus\u201d serd\u00fcl\u0151kor sok szempontb\u00f3l folytat\u00f3dik 18 \u00e9ves korunk ut\u00e1n is. Ez a t\u00e1rsadalmi v\u00e1ltoz\u00e1s tov\u00e1bb bonyol\u00edtja ezt a mozgalmas szakaszt, hiszen ekkor kell felfedezn\u00fcnk, kik vagyunk, mit v\u00e1runk az \u00e9lett\u0151l, mit v\u00e1runk m\u00e1sokt\u00f3l, hol a hely\u00fcnk a t\u00e1rsadalomban, \u00e1ltal\u00e1ban ekkor tal\u00e1ljuk meg els\u0151 igaz\u00e1n nagy szerelm\u00fcnket stb. Fontos megjegyezni, serd\u00fcl\u0151korban m\u00e9g az extr\u00e9mnek t\u0171n\u0151 probl\u00e9m\u00e1k sem felt\u00e9tlen\u00fcl k\u00f3rosak, de megold\u00e1sukat gyakran megk\u00f6nny\u00edti, ha pszichol\u00f3gus seg\u00edts\u00e9g\u00e9t is keress\u00fck.\u00c9rdemes seg\u00edts\u00e9get k\u00e9rni, ha a szem\u00e9ly azt \u00e9rzi, hogy nincs motiv\u00e1ci\u00f3ja, elveszett, nem tudja mit akar, kev\u00e9s bar\u00e1t veszi k\u00f6r\u00fcl.<\/p>","protected":false},"author":1,"featured_media":0,"parent":0,"menu_order":0,"comment_status":"closed","ping_status":"closed","template":"","meta":{"footnotes":""},"class_list":["post-80","page","type-page","status-publish","hentry"],"yoast_head":"<!-- This site is optimized with the Yoast SEO plugin v27.5 - https:\/\/yoast.com\/product\/yoast-seo-wordpress\/ -->\n<title>Serd\u00fcl\u0151kor konfliktusai - Dr. K\u0151v\u00e1g\u00f3 P\u00e1l pszichol\u00f3gus<\/title>\n<meta name=\"robots\" content=\"index, follow, max-snippet:-1, max-image-preview:large, max-video-preview:-1\" \/>\n<link rel=\"canonical\" href=\"https:\/\/kovagopal.hu\/en\/serdulokor-konfliktusai\/\" \/>\n<meta property=\"og:locale\" content=\"en_GB\" \/>\n<meta property=\"og:type\" content=\"article\" \/>\n<meta property=\"og:title\" content=\"Serd\u00fcl\u0151kor konfliktusai - Dr. K\u0151v\u00e1g\u00f3 P\u00e1l pszichol\u00f3gus\" \/>\n<meta property=\"og:description\" content=\"A serd\u00fcl\u0151kor az egyik legizgalmasabb szakasza \u00e9let\u00fcnknek. Manaps\u00e1g a \u201eklasszikus\u201d serd\u00fcl\u0151kor sok szempontb\u00f3l folytat\u00f3dik 18 \u00e9ves korunk ut\u00e1n is. Ez a t\u00e1rsadalmi v\u00e1ltoz\u00e1s tov\u00e1bb bonyol\u00edtja ezt a mozgalmas szakaszt, hiszen ekkor kell felfedezn\u00fcnk, kik vagyunk, mit v\u00e1runk az \u00e9lett\u0151l, mit v\u00e1runk m\u00e1sokt\u00f3l, hol a hely\u00fcnk a t\u00e1rsadalomban, \u00e1ltal\u00e1ban ekkor tal\u00e1ljuk meg els\u0151 igaz\u00e1n nagy szerelm\u00fcnket stb. Fontos megjegyezni, serd\u00fcl\u0151korban m\u00e9g az extr\u00e9mnek t\u0171n\u0151 probl\u00e9m\u00e1k sem felt\u00e9tlen\u00fcl k\u00f3rosak, de megold\u00e1sukat gyakran megk\u00f6nny\u00edti, ha pszichol\u00f3gus seg\u00edts\u00e9g\u00e9t is keress\u00fck.\u00c9rdemes seg\u00edts\u00e9get k\u00e9rni, ha a szem\u00e9ly azt \u00e9rzi, hogy nincs motiv\u00e1ci\u00f3ja, elveszett, nem tudja mit akar, kev\u00e9s bar\u00e1t veszi k\u00f6r\u00fcl.\" \/>\n<meta property=\"og:url\" content=\"https:\/\/kovagopal.hu\/en\/serdulokor-konfliktusai\/\" \/>\n<meta property=\"og:site_name\" content=\"Dr. K\u0151v\u00e1g\u00f3 P\u00e1l pszichol\u00f3gus\" \/>\n<meta property=\"article:publisher\" content=\"https:\/\/www.facebook.com\/pszinesztezia\" \/>\n<meta name=\"twitter:card\" content=\"summary_large_image\" \/>\n<meta name=\"twitter:label1\" content=\"Estimated reading time\" \/>\n\t<meta name=\"twitter:data1\" content=\"1 minute\" \/>\n<script type=\"application\/ld+json\" class=\"yoast-schema-graph\">{\"@context\":\"https:\\\/\\\/schema.org\",\"@graph\":[{\"@type\":\"WebPage\",\"@id\":\"https:\\\/\\\/kovagopal.hu\\\/serdulokor-konfliktusai\\\/\",\"url\":\"https:\\\/\\\/kovagopal.hu\\\/serdulokor-konfliktusai\\\/\",\"name\":\"Serd\u00fcl\u0151kor konfliktusai - Dr. K\u0151v\u00e1g\u00f3 P\u00e1l pszichol\u00f3gus\",\"isPartOf\":{\"@id\":\"https:\\\/\\\/kovagopal.hu\\\/#website\"},\"datePublished\":\"2024-08-18T18:02:01+00:00\",\"breadcrumb\":{\"@id\":\"https:\\\/\\\/kovagopal.hu\\\/serdulokor-konfliktusai\\\/#breadcrumb\"},\"inLanguage\":\"en-GB\",\"potentialAction\":[{\"@type\":\"ReadAction\",\"target\":[\"https:\\\/\\\/kovagopal.hu\\\/serdulokor-konfliktusai\\\/\"]}]},{\"@type\":\"BreadcrumbList\",\"@id\":\"https:\\\/\\\/kovagopal.hu\\\/serdulokor-konfliktusai\\\/#breadcrumb\",\"itemListElement\":[{\"@type\":\"ListItem\",\"position\":1,\"name\":\"Kezd\u0151lap\",\"item\":\"https:\\\/\\\/kovagopal.hu\\\/\"},{\"@type\":\"ListItem\",\"position\":2,\"name\":\"Serd\u00fcl\u0151kor konfliktusai\"}]},{\"@type\":\"WebSite\",\"@id\":\"https:\\\/\\\/kovagopal.hu\\\/#website\",\"url\":\"https:\\\/\\\/kovagopal.hu\\\/\",\"name\":\"Dr. K\u0151v\u00e1g\u00f3 P\u00e1l pszichol\u00f3gus\",\"description\":\"Pszichol\u00f3giai tan\u00e1csad\u00e1s szem\u00e9lyesen \u00e9s online\",\"publisher\":{\"@id\":\"https:\\\/\\\/kovagopal.hu\\\/#\\\/schema\\\/person\\\/c053095210b3b4a255c2f43b5a88ceb1\"},\"potentialAction\":[{\"@type\":\"SearchAction\",\"target\":{\"@type\":\"EntryPoint\",\"urlTemplate\":\"https:\\\/\\\/kovagopal.hu\\\/?s={search_term_string}\"},\"query-input\":{\"@type\":\"PropertyValueSpecification\",\"valueRequired\":true,\"valueName\":\"search_term_string\"}}],\"inLanguage\":\"en-GB\"},{\"@type\":[\"Person\",\"Organization\"],\"@id\":\"https:\\\/\\\/kovagopal.hu\\\/#\\\/schema\\\/person\\\/c053095210b3b4a255c2f43b5a88ceb1\",\"name\":\"Dr. K\u0151v\u00e1g\u00f3 P\u00e1l\",\"image\":{\"@type\":\"ImageObject\",\"inLanguage\":\"en-GB\",\"@id\":\"https:\\\/\\\/kovagopal.hu\\\/wp-content\\\/uploads\\\/2024\\\/08\\\/kanape.png\",\"url\":\"https:\\\/\\\/kovagopal.hu\\\/wp-content\\\/uploads\\\/2024\\\/08\\\/kanape.png\",\"contentUrl\":\"https:\\\/\\\/kovagopal.hu\\\/wp-content\\\/uploads\\\/2024\\\/08\\\/kanape.png\",\"width\":632,\"height\":395,\"caption\":\"Dr. K\u0151v\u00e1g\u00f3 P\u00e1l\"},\"logo\":{\"@id\":\"https:\\\/\\\/kovagopal.hu\\\/wp-content\\\/uploads\\\/2024\\\/08\\\/kanape.png\"},\"sameAs\":[\"https:\\\/\\\/kovagopal.hu\",\"https:\\\/\\\/www.facebook.com\\\/pszinesztezia\"]}]}<\/script>\n<!-- \/ Yoast SEO plugin. -->","yoast_head_json":{"title":"Serd\u00fcl\u0151kor konfliktusai - Dr. K\u0151v\u00e1g\u00f3 P\u00e1l pszichol\u00f3gus","robots":{"index":"index","follow":"follow","max-snippet":"max-snippet:-1","max-image-preview":"max-image-preview:large","max-video-preview":"max-video-preview:-1"},"canonical":"https:\/\/kovagopal.hu\/en\/serdulokor-konfliktusai\/","og_locale":"en_GB","og_type":"article","og_title":"Serd\u00fcl\u0151kor konfliktusai - Dr. K\u0151v\u00e1g\u00f3 P\u00e1l pszichol\u00f3gus","og_description":"A serd\u00fcl\u0151kor az egyik legizgalmasabb szakasza \u00e9let\u00fcnknek. Manaps\u00e1g a \u201eklasszikus\u201d serd\u00fcl\u0151kor sok szempontb\u00f3l folytat\u00f3dik 18 \u00e9ves korunk ut\u00e1n is. Ez a t\u00e1rsadalmi v\u00e1ltoz\u00e1s tov\u00e1bb bonyol\u00edtja ezt a mozgalmas szakaszt, hiszen ekkor kell felfedezn\u00fcnk, kik vagyunk, mit v\u00e1runk az \u00e9lett\u0151l, mit v\u00e1runk m\u00e1sokt\u00f3l, hol a hely\u00fcnk a t\u00e1rsadalomban, \u00e1ltal\u00e1ban ekkor tal\u00e1ljuk meg els\u0151 igaz\u00e1n nagy szerelm\u00fcnket stb. Fontos megjegyezni, serd\u00fcl\u0151korban m\u00e9g az extr\u00e9mnek t\u0171n\u0151 probl\u00e9m\u00e1k sem felt\u00e9tlen\u00fcl k\u00f3rosak, de megold\u00e1sukat gyakran megk\u00f6nny\u00edti, ha pszichol\u00f3gus seg\u00edts\u00e9g\u00e9t is keress\u00fck.\u00c9rdemes seg\u00edts\u00e9get k\u00e9rni, ha a szem\u00e9ly azt \u00e9rzi, hogy nincs motiv\u00e1ci\u00f3ja, elveszett, nem tudja mit akar, kev\u00e9s bar\u00e1t veszi k\u00f6r\u00fcl.","og_url":"https:\/\/kovagopal.hu\/en\/serdulokor-konfliktusai\/","og_site_name":"Dr. K\u0151v\u00e1g\u00f3 P\u00e1l pszichol\u00f3gus","article_publisher":"https:\/\/www.facebook.com\/pszinesztezia","twitter_card":"summary_large_image","twitter_misc":{"Estimated reading time":"1 minute"},"schema":{"@context":"https:\/\/schema.org","@graph":[{"@type":"WebPage","@id":"https:\/\/kovagopal.hu\/serdulokor-konfliktusai\/","url":"https:\/\/kovagopal.hu\/serdulokor-konfliktusai\/","name":"Serd\u00fcl\u0151kor konfliktusai - Dr. K\u0151v\u00e1g\u00f3 P\u00e1l pszichol\u00f3gus","isPartOf":{"@id":"https:\/\/kovagopal.hu\/#website"},"datePublished":"2024-08-18T18:02:01+00:00","breadcrumb":{"@id":"https:\/\/kovagopal.hu\/serdulokor-konfliktusai\/#breadcrumb"},"inLanguage":"en-GB","potentialAction":[{"@type":"ReadAction","target":["https:\/\/kovagopal.hu\/serdulokor-konfliktusai\/"]}]},{"@type":"BreadcrumbList","@id":"https:\/\/kovagopal.hu\/serdulokor-konfliktusai\/#breadcrumb","itemListElement":[{"@type":"ListItem","position":1,"name":"Kezd\u0151lap","item":"https:\/\/kovagopal.hu\/"},{"@type":"ListItem","position":2,"name":"Serd\u00fcl\u0151kor konfliktusai"}]},{"@type":"WebSite","@id":"https:\/\/kovagopal.hu\/#website","url":"https:\/\/kovagopal.hu\/","name":"Dr. P\u00e1l K\u0151v\u00e1g\u00f3, PhD psychologist","description":"Pszichol\u00f3giai tan\u00e1csad\u00e1s szem\u00e9lyesen \u00e9s online","publisher":{"@id":"https:\/\/kovagopal.hu\/#\/schema\/person\/c053095210b3b4a255c2f43b5a88ceb1"},"potentialAction":[{"@type":"SearchAction","target":{"@type":"EntryPoint","urlTemplate":"https:\/\/kovagopal.hu\/?s={search_term_string}"},"query-input":{"@type":"PropertyValueSpecification","valueRequired":true,"valueName":"search_term_string"}}],"inLanguage":"en-GB"},{"@type":["Person","Organization"],"@id":"https:\/\/kovagopal.hu\/#\/schema\/person\/c053095210b3b4a255c2f43b5a88ceb1","name":"P\u00e1l K\u0151v\u00e1g\u00f3, PhD","image":{"@type":"ImageObject","inLanguage":"en-GB","@id":"https:\/\/kovagopal.hu\/wp-content\/uploads\/2024\/08\/kanape.png","url":"https:\/\/kovagopal.hu\/wp-content\/uploads\/2024\/08\/kanape.png","contentUrl":"https:\/\/kovagopal.hu\/wp-content\/uploads\/2024\/08\/kanape.png","width":632,"height":395,"caption":"Dr. K\u0151v\u00e1g\u00f3 P\u00e1l"},"logo":{"@id":"https:\/\/kovagopal.hu\/wp-content\/uploads\/2024\/08\/kanape.png"},"sameAs":["https:\/\/kovagopal.hu","https:\/\/www.facebook.com\/pszinesztezia"]}]}},"_links":{"self":[{"href":"https:\/\/kovagopal.hu\/en\/wp-json\/wp\/v2\/pages\/80","targetHints":{"allow":["GET"]}}],"collection":[{"href":"https:\/\/kovagopal.hu\/en\/wp-json\/wp\/v2\/pages"}],"about":[{"href":"https:\/\/kovagopal.hu\/en\/wp-json\/wp\/v2\/types\/page"}],"author":[{"embeddable":true,"href":"https:\/\/kovagopal.hu\/en\/wp-json\/wp\/v2\/users\/1"}],"replies":[{"embeddable":true,"href":"https:\/\/kovagopal.hu\/en\/wp-json\/wp\/v2\/comments?post=80"}],"version-history":[{"count":1,"href":"https:\/\/kovagopal.hu\/en\/wp-json\/wp\/v2\/pages\/80\/revisions"}],"predecessor-version":[{"id":81,"href":"https:\/\/kovagopal.hu\/en\/wp-json\/wp\/v2\/pages\/80\/revisions\/81"}],"wp:attachment":[{"href":"https:\/\/kovagopal.hu\/en\/wp-json\/wp\/v2\/media?parent=80"}],"curies":[{"name":"wp","href":"https:\/\/api.w.org\/{rel}","templated":true}]}}