{"id":86,"date":"2024-08-18T20:03:36","date_gmt":"2024-08-18T18:03:36","guid":{"rendered":"https:\/\/kovagopal.hu\/?page_id=86"},"modified":"2024-08-18T20:03:36","modified_gmt":"2024-08-18T18:03:36","slug":"testi-betegsegekkel-kapcsolatos-konfliktusok","status":"publish","type":"page","link":"https:\/\/kovagopal.hu\/en\/testi-betegsegekkel-kapcsolatos-konfliktusok\/","title":{"rendered":"Difficulties related to somatic syndromes"},"content":{"rendered":"<p>Sokan sz\u00fcletnek olyan testi betegs\u00e9ggel, amely alapvet\u0151 hat\u00e1ssal van a kapcsolataikra, a munkav\u00e1llal\u00e1sra, lehet\u0151s\u00e9geire az \u00e9letben. M\u00e1sok \u00e9let\u00fck sor\u00e1n szenvednek olyan balesetet, szenvednek olyan betegs\u00e9gekt\u0151l, amely jelent\u0151sen megv\u00e1ltoztatja test\u00fcket. \u00d6nmagunk elfogad\u00e1sa sokkal nehezebb, ha saj\u00e1t hi\u00e1nyoss\u00e1gunk minden alkalommal visszak\u00f6sz\u00f6n a t\u00fck\u00f6rbe n\u00e9zve. Testi betegs\u00e9g ellen\u00e9re sem lehetetlen a boldog, teljes \u00e9let. A test gy\u00f3gy\u00edt\u00e1sa mellett a l\u00e9lek gy\u00f3gyul\u00e1s\u00e1hoz vezet\u0151 els\u0151 l\u00e9p\u00e9s, amikor elismerj\u00fck: seg\u00edts\u00e9gre van sz\u00fcks\u00e9g\u00fcnk. Pszichol\u00f3gus seg\u00edts\u00e9g\u00e9vel ez az \u00fat sokkal k\u00f6nnyebben \u00e9s gyorsabban teljes\u00edthet\u0151, ilyen jelleg\u0171 probl\u00e9m\u00e1j\u00e1val is forduljon hozz\u00e1m bizalommal!<br>\u00a0<\/p>","protected":false},"excerpt":{"rendered":"<p>Sokan sz\u00fcletnek olyan testi betegs\u00e9ggel, amely alapvet\u0151 hat\u00e1ssal van a kapcsolataikra, a munkav\u00e1llal\u00e1sra, lehet\u0151s\u00e9geire az \u00e9letben. M\u00e1sok \u00e9let\u00fck sor\u00e1n szenvednek olyan balesetet, szenvednek olyan betegs\u00e9gekt\u0151l, amely jelent\u0151sen megv\u00e1ltoztatja test\u00fcket. \u00d6nmagunk elfogad\u00e1sa sokkal nehezebb, ha saj\u00e1t hi\u00e1nyoss\u00e1gunk minden alkalommal visszak\u00f6sz\u00f6n a t\u00fck\u00f6rbe n\u00e9zve. Testi betegs\u00e9g ellen\u00e9re sem lehetetlen a boldog, teljes \u00e9let. A test gy\u00f3gy\u00edt\u00e1sa mellett a l\u00e9lek gy\u00f3gyul\u00e1s\u00e1hoz vezet\u0151 els\u0151 l\u00e9p\u00e9s, amikor elismerj\u00fck: seg\u00edts\u00e9gre van sz\u00fcks\u00e9g\u00fcnk. Pszichol\u00f3gus seg\u00edts\u00e9g\u00e9vel ez az \u00fat sokkal k\u00f6nnyebben \u00e9s gyorsabban teljes\u00edthet\u0151, ilyen jelleg\u0171 probl\u00e9m\u00e1j\u00e1val is forduljon hozz\u00e1m bizalommal!\u00a0<\/p>","protected":false},"author":1,"featured_media":0,"parent":0,"menu_order":0,"comment_status":"closed","ping_status":"closed","template":"","meta":{"footnotes":""},"class_list":["post-86","page","type-page","status-publish","hentry"],"yoast_head":"<!-- This site is optimized with the Yoast SEO plugin v27.4 - https:\/\/yoast.com\/product\/yoast-seo-wordpress\/ -->\n<title>Testi betegs\u00e9gekkel kapcsolatos konfliktusok - Dr. K\u0151v\u00e1g\u00f3 P\u00e1l pszichol\u00f3gus<\/title>\n<meta name=\"robots\" content=\"index, follow, max-snippet:-1, max-image-preview:large, max-video-preview:-1\" \/>\n<link rel=\"canonical\" href=\"https:\/\/kovagopal.hu\/en\/testi-betegsegekkel-kapcsolatos-konfliktusok\/\" \/>\n<meta property=\"og:locale\" content=\"en_GB\" \/>\n<meta property=\"og:type\" content=\"article\" \/>\n<meta property=\"og:title\" content=\"Testi betegs\u00e9gekkel kapcsolatos konfliktusok - Dr. K\u0151v\u00e1g\u00f3 P\u00e1l pszichol\u00f3gus\" \/>\n<meta property=\"og:description\" content=\"Sokan sz\u00fcletnek olyan testi betegs\u00e9ggel, amely alapvet\u0151 hat\u00e1ssal van a kapcsolataikra, a munkav\u00e1llal\u00e1sra, lehet\u0151s\u00e9geire az \u00e9letben. M\u00e1sok \u00e9let\u00fck sor\u00e1n szenvednek olyan balesetet, szenvednek olyan betegs\u00e9gekt\u0151l, amely jelent\u0151sen megv\u00e1ltoztatja test\u00fcket. \u00d6nmagunk elfogad\u00e1sa sokkal nehezebb, ha saj\u00e1t hi\u00e1nyoss\u00e1gunk minden alkalommal visszak\u00f6sz\u00f6n a t\u00fck\u00f6rbe n\u00e9zve. Testi betegs\u00e9g ellen\u00e9re sem lehetetlen a boldog, teljes \u00e9let. A test gy\u00f3gy\u00edt\u00e1sa mellett a l\u00e9lek gy\u00f3gyul\u00e1s\u00e1hoz vezet\u0151 els\u0151 l\u00e9p\u00e9s, amikor elismerj\u00fck: seg\u00edts\u00e9gre van sz\u00fcks\u00e9g\u00fcnk. Pszichol\u00f3gus seg\u00edts\u00e9g\u00e9vel ez az \u00fat sokkal k\u00f6nnyebben \u00e9s gyorsabban teljes\u00edthet\u0151, ilyen jelleg\u0171 probl\u00e9m\u00e1j\u00e1val is forduljon hozz\u00e1m bizalommal!\u00a0\" \/>\n<meta property=\"og:url\" content=\"https:\/\/kovagopal.hu\/en\/testi-betegsegekkel-kapcsolatos-konfliktusok\/\" \/>\n<meta property=\"og:site_name\" content=\"Dr. K\u0151v\u00e1g\u00f3 P\u00e1l pszichol\u00f3gus\" \/>\n<meta property=\"article:publisher\" content=\"https:\/\/www.facebook.com\/pszinesztezia\" \/>\n<meta name=\"twitter:card\" content=\"summary_large_image\" \/>\n<meta name=\"twitter:label1\" content=\"Estimated reading time\" \/>\n\t<meta name=\"twitter:data1\" content=\"1 minute\" \/>\n<script type=\"application\/ld+json\" class=\"yoast-schema-graph\">{\"@context\":\"https:\\\/\\\/schema.org\",\"@graph\":[{\"@type\":\"WebPage\",\"@id\":\"https:\\\/\\\/kovagopal.hu\\\/testi-betegsegekkel-kapcsolatos-konfliktusok\\\/\",\"url\":\"https:\\\/\\\/kovagopal.hu\\\/testi-betegsegekkel-kapcsolatos-konfliktusok\\\/\",\"name\":\"Testi betegs\u00e9gekkel kapcsolatos konfliktusok - Dr. K\u0151v\u00e1g\u00f3 P\u00e1l pszichol\u00f3gus\",\"isPartOf\":{\"@id\":\"https:\\\/\\\/kovagopal.hu\\\/#website\"},\"datePublished\":\"2024-08-18T18:03:36+00:00\",\"breadcrumb\":{\"@id\":\"https:\\\/\\\/kovagopal.hu\\\/testi-betegsegekkel-kapcsolatos-konfliktusok\\\/#breadcrumb\"},\"inLanguage\":\"en-GB\",\"potentialAction\":[{\"@type\":\"ReadAction\",\"target\":[\"https:\\\/\\\/kovagopal.hu\\\/testi-betegsegekkel-kapcsolatos-konfliktusok\\\/\"]}]},{\"@type\":\"BreadcrumbList\",\"@id\":\"https:\\\/\\\/kovagopal.hu\\\/testi-betegsegekkel-kapcsolatos-konfliktusok\\\/#breadcrumb\",\"itemListElement\":[{\"@type\":\"ListItem\",\"position\":1,\"name\":\"Kezd\u0151lap\",\"item\":\"https:\\\/\\\/kovagopal.hu\\\/\"},{\"@type\":\"ListItem\",\"position\":2,\"name\":\"Testi betegs\u00e9gekkel kapcsolatos konfliktusok\"}]},{\"@type\":\"WebSite\",\"@id\":\"https:\\\/\\\/kovagopal.hu\\\/#website\",\"url\":\"https:\\\/\\\/kovagopal.hu\\\/\",\"name\":\"Dr. K\u0151v\u00e1g\u00f3 P\u00e1l pszichol\u00f3gus\",\"description\":\"Pszichol\u00f3giai tan\u00e1csad\u00e1s szem\u00e9lyesen \u00e9s online\",\"publisher\":{\"@id\":\"https:\\\/\\\/kovagopal.hu\\\/#\\\/schema\\\/person\\\/c053095210b3b4a255c2f43b5a88ceb1\"},\"potentialAction\":[{\"@type\":\"SearchAction\",\"target\":{\"@type\":\"EntryPoint\",\"urlTemplate\":\"https:\\\/\\\/kovagopal.hu\\\/?s={search_term_string}\"},\"query-input\":{\"@type\":\"PropertyValueSpecification\",\"valueRequired\":true,\"valueName\":\"search_term_string\"}}],\"inLanguage\":\"en-GB\"},{\"@type\":[\"Person\",\"Organization\"],\"@id\":\"https:\\\/\\\/kovagopal.hu\\\/#\\\/schema\\\/person\\\/c053095210b3b4a255c2f43b5a88ceb1\",\"name\":\"Dr. K\u0151v\u00e1g\u00f3 P\u00e1l\",\"image\":{\"@type\":\"ImageObject\",\"inLanguage\":\"en-GB\",\"@id\":\"https:\\\/\\\/kovagopal.hu\\\/wp-content\\\/uploads\\\/2024\\\/08\\\/kanape.png\",\"url\":\"https:\\\/\\\/kovagopal.hu\\\/wp-content\\\/uploads\\\/2024\\\/08\\\/kanape.png\",\"contentUrl\":\"https:\\\/\\\/kovagopal.hu\\\/wp-content\\\/uploads\\\/2024\\\/08\\\/kanape.png\",\"width\":632,\"height\":395,\"caption\":\"Dr. K\u0151v\u00e1g\u00f3 P\u00e1l\"},\"logo\":{\"@id\":\"https:\\\/\\\/kovagopal.hu\\\/wp-content\\\/uploads\\\/2024\\\/08\\\/kanape.png\"},\"sameAs\":[\"https:\\\/\\\/kovagopal.hu\",\"https:\\\/\\\/www.facebook.com\\\/pszinesztezia\"]}]}<\/script>\n<!-- \/ Yoast SEO plugin. -->","yoast_head_json":{"title":"Testi betegs\u00e9gekkel kapcsolatos konfliktusok - Dr. K\u0151v\u00e1g\u00f3 P\u00e1l pszichol\u00f3gus","robots":{"index":"index","follow":"follow","max-snippet":"max-snippet:-1","max-image-preview":"max-image-preview:large","max-video-preview":"max-video-preview:-1"},"canonical":"https:\/\/kovagopal.hu\/en\/testi-betegsegekkel-kapcsolatos-konfliktusok\/","og_locale":"en_GB","og_type":"article","og_title":"Testi betegs\u00e9gekkel kapcsolatos konfliktusok - Dr. K\u0151v\u00e1g\u00f3 P\u00e1l pszichol\u00f3gus","og_description":"Sokan sz\u00fcletnek olyan testi betegs\u00e9ggel, amely alapvet\u0151 hat\u00e1ssal van a kapcsolataikra, a munkav\u00e1llal\u00e1sra, lehet\u0151s\u00e9geire az \u00e9letben. M\u00e1sok \u00e9let\u00fck sor\u00e1n szenvednek olyan balesetet, szenvednek olyan betegs\u00e9gekt\u0151l, amely jelent\u0151sen megv\u00e1ltoztatja test\u00fcket. \u00d6nmagunk elfogad\u00e1sa sokkal nehezebb, ha saj\u00e1t hi\u00e1nyoss\u00e1gunk minden alkalommal visszak\u00f6sz\u00f6n a t\u00fck\u00f6rbe n\u00e9zve. Testi betegs\u00e9g ellen\u00e9re sem lehetetlen a boldog, teljes \u00e9let. A test gy\u00f3gy\u00edt\u00e1sa mellett a l\u00e9lek gy\u00f3gyul\u00e1s\u00e1hoz vezet\u0151 els\u0151 l\u00e9p\u00e9s, amikor elismerj\u00fck: seg\u00edts\u00e9gre van sz\u00fcks\u00e9g\u00fcnk. Pszichol\u00f3gus seg\u00edts\u00e9g\u00e9vel ez az \u00fat sokkal k\u00f6nnyebben \u00e9s gyorsabban teljes\u00edthet\u0151, ilyen jelleg\u0171 probl\u00e9m\u00e1j\u00e1val is forduljon hozz\u00e1m bizalommal!\u00a0","og_url":"https:\/\/kovagopal.hu\/en\/testi-betegsegekkel-kapcsolatos-konfliktusok\/","og_site_name":"Dr. K\u0151v\u00e1g\u00f3 P\u00e1l pszichol\u00f3gus","article_publisher":"https:\/\/www.facebook.com\/pszinesztezia","twitter_card":"summary_large_image","twitter_misc":{"Estimated reading time":"1 minute"},"schema":{"@context":"https:\/\/schema.org","@graph":[{"@type":"WebPage","@id":"https:\/\/kovagopal.hu\/testi-betegsegekkel-kapcsolatos-konfliktusok\/","url":"https:\/\/kovagopal.hu\/testi-betegsegekkel-kapcsolatos-konfliktusok\/","name":"Testi betegs\u00e9gekkel kapcsolatos konfliktusok - Dr. K\u0151v\u00e1g\u00f3 P\u00e1l pszichol\u00f3gus","isPartOf":{"@id":"https:\/\/kovagopal.hu\/#website"},"datePublished":"2024-08-18T18:03:36+00:00","breadcrumb":{"@id":"https:\/\/kovagopal.hu\/testi-betegsegekkel-kapcsolatos-konfliktusok\/#breadcrumb"},"inLanguage":"en-GB","potentialAction":[{"@type":"ReadAction","target":["https:\/\/kovagopal.hu\/testi-betegsegekkel-kapcsolatos-konfliktusok\/"]}]},{"@type":"BreadcrumbList","@id":"https:\/\/kovagopal.hu\/testi-betegsegekkel-kapcsolatos-konfliktusok\/#breadcrumb","itemListElement":[{"@type":"ListItem","position":1,"name":"Kezd\u0151lap","item":"https:\/\/kovagopal.hu\/"},{"@type":"ListItem","position":2,"name":"Testi betegs\u00e9gekkel kapcsolatos konfliktusok"}]},{"@type":"WebSite","@id":"https:\/\/kovagopal.hu\/#website","url":"https:\/\/kovagopal.hu\/","name":"Dr. P\u00e1l K\u0151v\u00e1g\u00f3, PhD psychologist","description":"Pszichol\u00f3giai tan\u00e1csad\u00e1s szem\u00e9lyesen \u00e9s online","publisher":{"@id":"https:\/\/kovagopal.hu\/#\/schema\/person\/c053095210b3b4a255c2f43b5a88ceb1"},"potentialAction":[{"@type":"SearchAction","target":{"@type":"EntryPoint","urlTemplate":"https:\/\/kovagopal.hu\/?s={search_term_string}"},"query-input":{"@type":"PropertyValueSpecification","valueRequired":true,"valueName":"search_term_string"}}],"inLanguage":"en-GB"},{"@type":["Person","Organization"],"@id":"https:\/\/kovagopal.hu\/#\/schema\/person\/c053095210b3b4a255c2f43b5a88ceb1","name":"P\u00e1l K\u0151v\u00e1g\u00f3, PhD","image":{"@type":"ImageObject","inLanguage":"en-GB","@id":"https:\/\/kovagopal.hu\/wp-content\/uploads\/2024\/08\/kanape.png","url":"https:\/\/kovagopal.hu\/wp-content\/uploads\/2024\/08\/kanape.png","contentUrl":"https:\/\/kovagopal.hu\/wp-content\/uploads\/2024\/08\/kanape.png","width":632,"height":395,"caption":"Dr. K\u0151v\u00e1g\u00f3 P\u00e1l"},"logo":{"@id":"https:\/\/kovagopal.hu\/wp-content\/uploads\/2024\/08\/kanape.png"},"sameAs":["https:\/\/kovagopal.hu","https:\/\/www.facebook.com\/pszinesztezia"]}]}},"_links":{"self":[{"href":"https:\/\/kovagopal.hu\/en\/wp-json\/wp\/v2\/pages\/86","targetHints":{"allow":["GET"]}}],"collection":[{"href":"https:\/\/kovagopal.hu\/en\/wp-json\/wp\/v2\/pages"}],"about":[{"href":"https:\/\/kovagopal.hu\/en\/wp-json\/wp\/v2\/types\/page"}],"author":[{"embeddable":true,"href":"https:\/\/kovagopal.hu\/en\/wp-json\/wp\/v2\/users\/1"}],"replies":[{"embeddable":true,"href":"https:\/\/kovagopal.hu\/en\/wp-json\/wp\/v2\/comments?post=86"}],"version-history":[{"count":1,"href":"https:\/\/kovagopal.hu\/en\/wp-json\/wp\/v2\/pages\/86\/revisions"}],"predecessor-version":[{"id":87,"href":"https:\/\/kovagopal.hu\/en\/wp-json\/wp\/v2\/pages\/86\/revisions\/87"}],"wp:attachment":[{"href":"https:\/\/kovagopal.hu\/en\/wp-json\/wp\/v2\/media?parent=86"}],"curies":[{"name":"wp","href":"https:\/\/api.w.org\/{rel}","templated":true}]}}